{"id":79,"date":"2025-09-15T13:36:54","date_gmt":"2025-09-15T13:36:54","guid":{"rendered":"https:\/\/reszecskeszamlalo.hu\/higienia\/?post_type=product&#038;p=79"},"modified":"2026-02-27T15:25:21","modified_gmt":"2026-02-27T15:25:21","slug":"t-z53-nagy-hatekonysagu-ipari-torlokendo-pro","status":"publish","type":"product","link":"https:\/\/reszecskeszamlalo.hu\/higienia\/termek\/t-z53-nagy-hatekonysagu-ipari-torlokendo-pro\/","title":{"rendered":"T-Z53 Nagy hat\u00e9konys\u00e1g\u00fa ipari t\u00f6rl\u0151kend\u0151 Pro"},"content":{"rendered":"<p>Specifik\u00e1ci\u00f3k:<\/p>\n<p>Alaps\u00faly: 68 g\/m\u00b2;<br \/>\nM\u00e9retek: 9&#215;9&#8221;; 12&#215;12&#8221;;<br \/>\nCsomagol\u00e1s: 9*9&#8221;, 220 db\/zs\u00e1k, 9 zs\u00e1k\/karton;<br \/>\n12*12&#8221;, 200 db\/zs\u00e1k, 6 zs\u00e1k\/karton;<br \/>\n9*9&#8221;, 260 db\/doboz, 6 doboz\/karton;<br \/>\n12*12&#8221;, 260 db\/doboz, 4 doboz\/karton.<br \/>\nEgy\u00e9b m\u00e9retek \u00e9s csomagol\u00e1sok k\u00fcl\u00f6n k\u00e9r\u00e9sre el\u00e9rhet\u0151k.<\/p>\n<p>Jellemz\u0151k:<\/p>\n<p>Dobozos vagy zacsk\u00f3s csomagol\u00e1s, k\u00f6nnyen haszn\u00e1lhat\u00f3; Fonott, nem sz\u0151tt poli\u00e9szter sz\u00e1lb\u00f3l\/famcellul\u00f3zb\u00f3l k\u00e9sz\u00fclt t\u00f6rl\u0151kend\u0151, alacsony szennyez\u0151d\u00e9st biztos\u00edt gazdas\u00e1gos \u00e1ron; Nem tartalmaz k\u00f6t\u0151anyagokat vagy m\u00e1s k\u00e9miai adal\u00e9kanyagokat; Alacsony r\u00e9szecske- \u00e9s rostkibocs\u00e1t\u00e1s; Kiv\u00e1l\u00f3 adszorpci\u00f3s tulajdons\u00e1g; Ellen\u00e1ll a k\u00e9miai old\u00f3szereknek; Hat\u00e9konyan elt\u00e1vol\u00edtja a port \u00e9s az olajat; Gazdas\u00e1gos.<\/p>\n","protected":false},"excerpt":{"rendered":"<p>A nagy hat\u00e9konys\u00e1g\u00fa Pro ipari t\u00f6rl\u0151kend\u0151k poli\u00e9szter sz\u00e1lakb\u00f3l \u00e9s fa p\u00e9pb\u0151l k\u00e9sz\u00fclt, fonott, nem sz\u0151tt t\u00f6rl\u0151kend\u0151k.<\/p>\n<p>Alkalmaz\u00e1sok:<\/p>\n<p>A term\u00e9k fel\u00fclet\u00e9r\u0151l lerak\u00f3dott por elt\u00e1vol\u00edt\u00e1sa.<br \/>\nAlkatr\u00e9szek, szersz\u00e1mok \u00e9s gy\u00e1rt\u00f3berendez\u00e9sek tiszt\u00edt\u00e1sa;<br \/>\nHagyom\u00e1nyos olajfoltok tiszt\u00edt\u00e1sa \u00e9s let\u00f6rl\u00e9se;<br \/>\nMunkahelyek karbantart\u00e1sa \u00e9s tiszt\u00edt\u00e1sa;<br \/>\nAlkalmas NY\u00c1K, SMT, mikroelektronikai, f\u00e9lvezet\u0151 \u00e9s LCD stb. ipar\u00e1gakban;<br \/>\n\u00c9s haszn\u00e1lhat\u00f3 ISO 6 oszt\u00e1ly\u00fa tisztat\u00e9ri m\u0171helyekben.<\/p>\n","protected":false},"featured_media":86,"comment_status":"open","ping_status":"closed","template":"","meta":[],"product_brand":[],"product_cat":[17],"product_tag":[],"class_list":{"0":"post-79","1":"product","2":"type-product","3":"status-publish","4":"has-post-thumbnail","6":"product_cat-tisztateri-nemszott-torlokendok","7":"has-post-title","8":"has-post-date","9":"has-post-category","10":"has-post-tag","11":"has-post-comment","12":"has-post-author","13":"","15":"first","16":"instock","17":"taxable","18":"shipping-taxable","19":"purchasable","20":"product-type-simple"},"_links":{"self":[{"href":"https:\/\/reszecskeszamlalo.hu\/higienia\/wp-json\/wp\/v2\/product\/79","targetHints":{"allow":["GET"]}}],"collection":[{"href":"https:\/\/reszecskeszamlalo.hu\/higienia\/wp-json\/wp\/v2\/product"}],"about":[{"href":"https:\/\/reszecskeszamlalo.hu\/higienia\/wp-json\/wp\/v2\/types\/product"}],"replies":[{"embeddable":true,"href":"https:\/\/reszecskeszamlalo.hu\/higienia\/wp-json\/wp\/v2\/comments?post=79"}],"wp:featuredmedia":[{"embeddable":true,"href":"https:\/\/reszecskeszamlalo.hu\/higienia\/wp-json\/wp\/v2\/media\/86"}],"wp:attachment":[{"href":"https:\/\/reszecskeszamlalo.hu\/higienia\/wp-json\/wp\/v2\/media?parent=79"}],"wp:term":[{"taxonomy":"product_brand","embeddable":true,"href":"https:\/\/reszecskeszamlalo.hu\/higienia\/wp-json\/wp\/v2\/product_brand?post=79"},{"taxonomy":"product_cat","embeddable":true,"href":"https:\/\/reszecskeszamlalo.hu\/higienia\/wp-json\/wp\/v2\/product_cat?post=79"},{"taxonomy":"product_tag","embeddable":true,"href":"https:\/\/reszecskeszamlalo.hu\/higienia\/wp-json\/wp\/v2\/product_tag?post=79"}],"curies":[{"name":"wp","href":"https:\/\/api.w.org\/{rel}","templated":true}]}}