{"id":472,"date":"2025-10-22T19:18:34","date_gmt":"2025-10-22T19:18:34","guid":{"rendered":"https:\/\/reszecskeszamlalo.hu\/higienia\/?post_type=product&#038;p=472"},"modified":"2025-10-22T19:28:24","modified_gmt":"2025-10-22T19:28:24","slug":"t-b21-tisztateri-2-retegu-polieszter-torlokendok","status":"publish","type":"product","link":"https:\/\/reszecskeszamlalo.hu\/higienia\/termek\/t-b21-tisztateri-2-retegu-polieszter-torlokendok\/","title":{"rendered":"T-B21 Tisztat\u00e9ri 2 r\u00e9teg\u0171 poli\u00e9szter t\u00f6rl\u0151kend\u0151k"},"content":{"rendered":"<p>Specifik\u00e1ci\u00f3k:<\/p>\n<p>Alaps\u00faly: 220 g\/m\u00b2;<br \/>\nM\u00e9retek: 9&#215;9&#8221;; 12&#215;12&#8221;;<br \/>\nCsomagol\u00e1s: 100 db\/zs\u00e1k;<br \/>\nEgy\u00e9b m\u00e9retek \u00e9s csomagol\u00e1sok k\u00fcl\u00f6n k\u00e9r\u00e9sre el\u00e9rhet\u0151k.<\/p>\n<p>Jellemz\u0151k:<\/p>\n<p>100% poli\u00e9szter folytonos sz\u00e1l\u00fa, 75 denier standard k\u00f6zepes s\u00faly\u00fa poli\u00e9szter k\u00e9tr\u00e9teg\u0171 szerkezetben; Ultrahanggal lez\u00e1rt sz\u00e9l; tisztat\u00e9rben mosva \u00e9s csomagolva; Rendk\u00edv\u00fcl alacsony r\u00e9szecske-, sz\u00e1l- \u00e9s kivonatkibocs\u00e1t\u00e1si szint; Alapos t\u00f6rl\u00e9st tesz lehet\u0151v\u00e9 minim\u00e1lis sz\u00e1l- \u00e9s r\u00e9szecskekibocs\u00e1t\u00e1ssal; Kiv\u00e1l\u00f3 nedvsz\u00edv\u00f3 tulajdons\u00e1gok; Hat\u00e9konyan elt\u00e1vol\u00edtja a szennyez\u0151d\u00e9seket; Dupla zs\u00e1kos porsz\u00edv\u00f3z\u00e1s; Gazdas\u00e1gos m\u00e9retv\u00e1laszt\u00e9k.<\/p>\n","protected":false},"excerpt":{"rendered":"<p>A tisztat\u00e9ri 2 r\u00e9teg\u0171 poli\u00e9szter t\u00f6rl\u0151kend\u0151k 100% poli\u00e9szterb\u0151l k\u00e9sz\u00fclnek, 2 r\u00e9teg\u0171 k\u00f6t\u00e9s\u0171 szerkezettel \u00e9s lez\u00e1rt sz\u00e9lekkel.<\/p>\n<p>Alkalmaz\u00e1sok:<\/p>\n<p>A r\u00e9szecskeszennyez\u00e9s tov\u00e1bbi cs\u00f6kkent\u00e9s\u00e9re ISO 5 oszt\u00e1ly\u00fa tisztat\u00e9rben;<br \/>\nF\u00e9lvezet\u0151, mikroelektronikai, aut\u00f3ipari, NY\u00c1K \u00e9s LCD stb. ipar\u00e1gakban haszn\u00e1lt term\u00e9kek fel\u00fclet\u00e9nek pol\u00edroz\u00e1sa \u00e9s tiszt\u00edt\u00e1sa; Ki\u00f6ml\u00e9s elleni v\u00e9delem ISO 4-6 oszt\u00e1ly\u00fa tisztat\u00e9rben<\/p>\n","protected":false},"featured_media":474,"comment_status":"open","ping_status":"closed","template":"","meta":[],"product_brand":[],"product_cat":[16],"product_tag":[],"class_list":{"0":"post-472","1":"product","2":"type-product","3":"status-publish","4":"has-post-thumbnail","6":"product_cat-tisztateri-kotott-torlokendok","7":"has-post-title","8":"has-post-date","9":"has-post-category","10":"has-post-tag","11":"has-post-comment","12":"has-post-author","13":"","15":"first","16":"instock","17":"taxable","18":"shipping-taxable","19":"product-type-simple"},"_links":{"self":[{"href":"https:\/\/reszecskeszamlalo.hu\/higienia\/wp-json\/wp\/v2\/product\/472","targetHints":{"allow":["GET"]}}],"collection":[{"href":"https:\/\/reszecskeszamlalo.hu\/higienia\/wp-json\/wp\/v2\/product"}],"about":[{"href":"https:\/\/reszecskeszamlalo.hu\/higienia\/wp-json\/wp\/v2\/types\/product"}],"replies":[{"embeddable":true,"href":"https:\/\/reszecskeszamlalo.hu\/higienia\/wp-json\/wp\/v2\/comments?post=472"}],"wp:featuredmedia":[{"embeddable":true,"href":"https:\/\/reszecskeszamlalo.hu\/higienia\/wp-json\/wp\/v2\/media\/474"}],"wp:attachment":[{"href":"https:\/\/reszecskeszamlalo.hu\/higienia\/wp-json\/wp\/v2\/media?parent=472"}],"wp:term":[{"taxonomy":"product_brand","embeddable":true,"href":"https:\/\/reszecskeszamlalo.hu\/higienia\/wp-json\/wp\/v2\/product_brand?post=472"},{"taxonomy":"product_cat","embeddable":true,"href":"https:\/\/reszecskeszamlalo.hu\/higienia\/wp-json\/wp\/v2\/product_cat?post=472"},{"taxonomy":"product_tag","embeddable":true,"href":"https:\/\/reszecskeszamlalo.hu\/higienia\/wp-json\/wp\/v2\/product_tag?post=472"}],"curies":[{"name":"wp","href":"https:\/\/api.w.org\/{rel}","templated":true}]}}