{"id":468,"date":"2025-10-22T19:14:21","date_gmt":"2025-10-22T19:14:21","guid":{"rendered":"https:\/\/reszecskeszamlalo.hu\/higienia\/?post_type=product&#038;p=468"},"modified":"2026-02-27T15:16:44","modified_gmt":"2026-02-27T15:16:44","slug":"t-b22-mikroszalas-torlokendok","status":"publish","type":"product","link":"https:\/\/reszecskeszamlalo.hu\/higienia\/termek\/t-b22-mikroszalas-torlokendok\/","title":{"rendered":"T-B22 Mikrosz\u00e1las t\u00f6rl\u0151kend\u0151k"},"content":{"rendered":"<p>Specifik\u00e1ci\u00f3k:<\/p>\n<p>Alaps\u00faly: 100 g; 115 g\/m\u00b2; M\u00e9retek: 6&#215;6&#8221;; 9&#215;9&#8221;; Csomagol\u00e1s: 100 db\/zs\u00e1k; Egy\u00e9b m\u00e9retek \u00e9s csomagol\u00e1sok k\u00fcl\u00f6n k\u00e9r\u00e9sre el\u00e9rhet\u0151k.<\/p>\n<p>Jellemz\u0151k:<\/p>\n<p>100% poli\u00e9szter; ultrav\u00e9kony; l\u00e9zerrel lez\u00e1rt sz\u00e9l; Tisztaszob\u00e1ban mosva \u00e9s csomagolva; Ultraalacsony r\u00e9szecske-, rost- \u00e9s kivonhat\u00f3 szint; Hat\u00e9konyan elt\u00e1vol\u00edtja a szennyez\u0151d\u00e9seket; Dupla zacsk\u00f3s porsz\u00edv\u00f3z\u00e1s; Gazdas\u00e1gos m\u00e9retv\u00e1laszt\u00e9k.<\/p>\n","protected":false},"excerpt":{"rendered":"<p>A mikrosz\u00e1las t\u00f6rl\u0151kend\u0151k ultrafinomak, 100% poli\u00e9szterb\u0151l k\u00e9sz\u00fcltek, lez\u00e1rt sz\u00e9lekkel.<\/p>\n<p>Alkalmaz\u00e1sok:<\/p>\n<p>Az ISO 5 oszt\u00e1ly\u00fa tisztat\u00e9rben a r\u00e9szecskeszennyez\u00e9s tov\u00e1bbi cs\u00f6kkent\u00e9s\u00e9re; \u00c9rz\u00e9keny fel\u00fcletek, p\u00e9ld\u00e1ul LCD t\u00f6rl\u00e9se.<\/p>\n","protected":false},"featured_media":469,"comment_status":"open","ping_status":"closed","template":"","meta":[],"product_brand":[],"product_cat":[16],"product_tag":[],"class_list":{"0":"post-468","1":"product","2":"type-product","3":"status-publish","4":"has-post-thumbnail","6":"product_cat-tisztateri-kotott-torlokendok","7":"has-post-title","8":"has-post-date","9":"has-post-category","10":"has-post-tag","11":"has-post-comment","12":"has-post-author","13":"","15":"first","16":"instock","17":"taxable","18":"shipping-taxable","19":"purchasable","20":"product-type-simple"},"_links":{"self":[{"href":"https:\/\/reszecskeszamlalo.hu\/higienia\/wp-json\/wp\/v2\/product\/468","targetHints":{"allow":["GET"]}}],"collection":[{"href":"https:\/\/reszecskeszamlalo.hu\/higienia\/wp-json\/wp\/v2\/product"}],"about":[{"href":"https:\/\/reszecskeszamlalo.hu\/higienia\/wp-json\/wp\/v2\/types\/product"}],"replies":[{"embeddable":true,"href":"https:\/\/reszecskeszamlalo.hu\/higienia\/wp-json\/wp\/v2\/comments?post=468"}],"wp:featuredmedia":[{"embeddable":true,"href":"https:\/\/reszecskeszamlalo.hu\/higienia\/wp-json\/wp\/v2\/media\/469"}],"wp:attachment":[{"href":"https:\/\/reszecskeszamlalo.hu\/higienia\/wp-json\/wp\/v2\/media?parent=468"}],"wp:term":[{"taxonomy":"product_brand","embeddable":true,"href":"https:\/\/reszecskeszamlalo.hu\/higienia\/wp-json\/wp\/v2\/product_brand?post=468"},{"taxonomy":"product_cat","embeddable":true,"href":"https:\/\/reszecskeszamlalo.hu\/higienia\/wp-json\/wp\/v2\/product_cat?post=468"},{"taxonomy":"product_tag","embeddable":true,"href":"https:\/\/reszecskeszamlalo.hu\/higienia\/wp-json\/wp\/v2\/product_tag?post=468"}],"curies":[{"name":"wp","href":"https:\/\/api.w.org\/{rel}","templated":true}]}}