{"id":459,"date":"2025-10-22T12:03:25","date_gmt":"2025-10-22T12:03:25","guid":{"rendered":"https:\/\/reszecskeszamlalo.hu\/higienia\/?post_type=product&#038;p=459"},"modified":"2026-02-27T15:20:26","modified_gmt":"2026-02-27T15:20:26","slug":"t-z31-100-as-osztalyu-polipropilen-torlokendo","status":"publish","type":"product","link":"https:\/\/reszecskeszamlalo.hu\/higienia\/termek\/t-z31-100-as-osztalyu-polipropilen-torlokendo\/","title":{"rendered":"T-Z31 100-as oszt\u00e1ly\u00fa polipropil\u00e9n t\u00f6rl\u0151kend\u0151"},"content":{"rendered":"<p>Specifik\u00e1ci\u00f3k:<\/p>\n<p>Alaps\u00faly: 74 g\/m\u00b2;<br \/>\nM\u00e9retek: 228 mm \u00d7 228 mm;<br \/>\nCsomagol\u00e1s: 100 db\/zs\u00e1k;<br \/>\nEgy\u00e9b m\u00e9retek \u00e9s csomagol\u00e1sok k\u00fcl\u00f6n k\u00e9r\u00e9sre el\u00e9rhet\u0151k.<\/p>\n<p>Jellemz\u0151k:<\/p>\n<p>100% polipropil\u00e9n; Alacsony r\u00e9szecske- \u00e9s rostkibocs\u00e1t\u00e1s; Alacsony ionkibocs\u00e1t\u00e1s; Hat\u00e9konyan elt\u00e1vol\u00edtja a port; Nagy nedves \u00e9s sz\u00e1raz szil\u00e1rds\u00e1g; Kiv\u00e1l\u00f3 v\u00edz- \u00e9s olajfelsz\u00edv\u00f3 k\u00e9pess\u00e9g; Kiv\u00e1l\u00f3 teljes\u00edtm\u00e9ny-\u00e1r ar\u00e1ny; Gazdas\u00e1gos m\u00e9retv\u00e1laszt\u00e9k.<\/p>\n","protected":false},"excerpt":{"rendered":"<p>A 100-as oszt\u00e1ly\u00fa polipropil\u00e9n t\u00f6rl\u0151kend\u0151k 100% polipropil\u00e9nb\u0151l k\u00e9sz\u00fclnek, magas tisztas\u00e1gi szinttel.<\/p>\n<p>Alkalmaz\u00e1sok:<\/p>\n<p>ISO 5 oszt\u00e1ly\u00fa tiszta r\u00e9szecskeszennyez\u00e9s tov\u00e1bbi cs\u00f6kkent\u00e9s\u00e9re; Optikai term\u00e9kek, prec\u00edzi\u00f3s m\u0171szerek \u00e9s orvosi berendez\u00e9sek tiszt\u00edt\u00e1s\u00e1ra; SMT, NY\u00c1K, mikroelektronikai, f\u00e9lvezet\u0151, LCD \u00e9s egy\u00e9b term\u00e9kek tiszt\u00edt\u00e1s\u00e1ra; V\u00edz, olaj, old\u00f3szer stb. elt\u00e1vol\u00edt\u00e1s\u00e1ra orvosbiol\u00f3giai, \u00e9lelmiszeripari stb. ter\u00fcleteken.<\/p>\n<p>&nbsp;<\/p>\n","protected":false},"featured_media":460,"comment_status":"open","ping_status":"closed","template":"","meta":[],"product_brand":[],"product_cat":[17],"product_tag":[],"class_list":{"0":"post-459","1":"product","2":"type-product","3":"status-publish","4":"has-post-thumbnail","6":"product_cat-tisztateri-nemszott-torlokendok","7":"has-post-title","8":"has-post-date","9":"has-post-category","10":"has-post-tag","11":"has-post-comment","12":"has-post-author","13":"","15":"first","16":"instock","17":"taxable","18":"shipping-taxable","19":"purchasable","20":"product-type-simple"},"_links":{"self":[{"href":"https:\/\/reszecskeszamlalo.hu\/higienia\/wp-json\/wp\/v2\/product\/459","targetHints":{"allow":["GET"]}}],"collection":[{"href":"https:\/\/reszecskeszamlalo.hu\/higienia\/wp-json\/wp\/v2\/product"}],"about":[{"href":"https:\/\/reszecskeszamlalo.hu\/higienia\/wp-json\/wp\/v2\/types\/product"}],"replies":[{"embeddable":true,"href":"https:\/\/reszecskeszamlalo.hu\/higienia\/wp-json\/wp\/v2\/comments?post=459"}],"wp:featuredmedia":[{"embeddable":true,"href":"https:\/\/reszecskeszamlalo.hu\/higienia\/wp-json\/wp\/v2\/media\/460"}],"wp:attachment":[{"href":"https:\/\/reszecskeszamlalo.hu\/higienia\/wp-json\/wp\/v2\/media?parent=459"}],"wp:term":[{"taxonomy":"product_brand","embeddable":true,"href":"https:\/\/reszecskeszamlalo.hu\/higienia\/wp-json\/wp\/v2\/product_brand?post=459"},{"taxonomy":"product_cat","embeddable":true,"href":"https:\/\/reszecskeszamlalo.hu\/higienia\/wp-json\/wp\/v2\/product_cat?post=459"},{"taxonomy":"product_tag","embeddable":true,"href":"https:\/\/reszecskeszamlalo.hu\/higienia\/wp-json\/wp\/v2\/product_tag?post=459"}],"curies":[{"name":"wp","href":"https:\/\/api.w.org\/{rel}","templated":true}]}}