{"id":329,"date":"2025-09-16T14:44:19","date_gmt":"2025-09-16T14:44:19","guid":{"rendered":"https:\/\/reszecskeszamlalo.hu\/higienia\/?post_type=product&#038;p=329"},"modified":"2025-09-22T12:52:05","modified_gmt":"2025-09-22T12:52:05","slug":"t-k2-eldobhato-sebeszeti-arcmaszk","status":"publish","type":"product","link":"https:\/\/reszecskeszamlalo.hu\/higienia\/termek\/t-k2-eldobhato-sebeszeti-arcmaszk\/","title":{"rendered":"T-K2 Eldobhat\u00f3 seb\u00e9szeti arcmaszk"},"content":{"rendered":"<p>Specifik\u00e1ci\u00f3k:<\/p>\n<p>Anyagok:<br \/>\nAnyag: 3 r\u00e9teg\u0171 nem sz\u0151tt sz\u00f6vet (PP fonott nem sz\u0151tt sz\u00f6vet, olvadt f\u00fav\u00e1ssal el\u0151\u00e1ll\u00edtott sz\u00f6vet);<br \/>\nOrrcsipesz: Gumival bevont vasdr\u00f3t;<br \/>\nF\u00fclhurok: Fondatt nem sz\u0151tt sz\u00f6vet.<br \/>\nSz\u00ednek: Z\u00f6ld;<br \/>\nCsomagol\u00e1s: 1 db\/zs\u00e1k, 50 zs\u00e1k\/doboz, 6 doboz\/karton;<br \/>\nM\u00e1s csomagol\u00e1sok k\u00fcl\u00f6n k\u00e9r\u00e9sre el\u00e9rhet\u0151k.<\/p>\n<p>Jellemz\u0151k:<\/p>\n<p>Etil\u00e9n-oxiddal steriliz\u00e1lva; Kiv\u00e1l\u00f3 min\u0151s\u00e9g\u0171, olvadt f\u00favott anyagb\u00f3l k\u00e9sz\u00fclt, a bakt\u00e9riumsz\u0171r\u00e9s hat\u00e9konys\u00e1ga el\u00e9ri a 99,9%-ot; Puha, b\u0151rbar\u00e1t, szagtalan \u00e9s nem irrit\u00e1l\u00f3.<\/p>\n","protected":false},"excerpt":{"rendered":"<p>Az eldobhat\u00f3 seb\u00e9szeti arcmaszk egy h\u00e1romr\u00e9teg\u0171, orvosi min\u0151s\u00e9g\u0171 arcmaszk, amely v\u00e9delmet ny\u00fajt a leveg\u0151ben l\u00e9v\u0151 szennyez\u0151d\u00e9sek \u00e9s a folyad\u00e9kfr\u00f6ccsen\u00e9s ellen.<\/p>\n<p>Alkalmaz\u00e1sok:<\/p>\n<p>Ez a term\u00e9k alkalmas nagyon \u00e9rz\u00e9keny k\u00f6rnyezetekbe, p\u00e9ld\u00e1ul seb\u00e9szeti tisztaszobai k\u00f6rnyezetbe.<br \/>\nSteril, eldobhat\u00f3 term\u00e9k.<\/p>\n","protected":false},"featured_media":331,"comment_status":"open","ping_status":"closed","template":"","meta":[],"product_brand":[],"product_cat":[26],"product_tag":[],"class_list":{"0":"post-329","1":"product","2":"type-product","3":"status-publish","4":"has-post-thumbnail","6":"product_cat-orvosbiologiai-fogyoeszkozok","7":"has-post-title","8":"has-post-date","9":"has-post-category","10":"has-post-tag","11":"has-post-comment","12":"has-post-author","13":"","15":"first","16":"instock","17":"taxable","18":"shipping-taxable","19":"purchasable","20":"product-type-simple"},"_links":{"self":[{"href":"https:\/\/reszecskeszamlalo.hu\/higienia\/wp-json\/wp\/v2\/product\/329","targetHints":{"allow":["GET"]}}],"collection":[{"href":"https:\/\/reszecskeszamlalo.hu\/higienia\/wp-json\/wp\/v2\/product"}],"about":[{"href":"https:\/\/reszecskeszamlalo.hu\/higienia\/wp-json\/wp\/v2\/types\/product"}],"replies":[{"embeddable":true,"href":"https:\/\/reszecskeszamlalo.hu\/higienia\/wp-json\/wp\/v2\/comments?post=329"}],"wp:featuredmedia":[{"embeddable":true,"href":"https:\/\/reszecskeszamlalo.hu\/higienia\/wp-json\/wp\/v2\/media\/331"}],"wp:attachment":[{"href":"https:\/\/reszecskeszamlalo.hu\/higienia\/wp-json\/wp\/v2\/media?parent=329"}],"wp:term":[{"taxonomy":"product_brand","embeddable":true,"href":"https:\/\/reszecskeszamlalo.hu\/higienia\/wp-json\/wp\/v2\/product_brand?post=329"},{"taxonomy":"product_cat","embeddable":true,"href":"https:\/\/reszecskeszamlalo.hu\/higienia\/wp-json\/wp\/v2\/product_cat?post=329"},{"taxonomy":"product_tag","embeddable":true,"href":"https:\/\/reszecskeszamlalo.hu\/higienia\/wp-json\/wp\/v2\/product_tag?post=329"}],"curies":[{"name":"wp","href":"https:\/\/api.w.org\/{rel}","templated":true}]}}