{"id":285,"date":"2025-09-16T14:27:05","date_gmt":"2025-09-16T14:27:05","guid":{"rendered":"https:\/\/reszecskeszamlalo.hu\/higienia\/?post_type=product&#038;p=285"},"modified":"2026-02-27T15:34:30","modified_gmt":"2026-02-27T15:34:30","slug":"t-q51-tisztaszobai-jegyzetfuzetek","status":"publish","type":"product","link":"https:\/\/reszecskeszamlalo.hu\/higienia\/termek\/t-q51-tisztaszobai-jegyzetfuzetek\/","title":{"rendered":"T-Q51 Tisztaszobai jegyzetf\u00fczetek"},"content":{"rendered":"<p>Specifik\u00e1ci\u00f3k:<\/p>\n<p>Anyag: Tiszta, term\u00e9szetes fa p\u00e9p \u00e9s gyanta;<br \/>\nM\u00e9retek: A4, A5;<br \/>\nSz\u00ednek: Z\u00f6ld, Vil\u00e1gosk\u00e9k;<br \/>\nOldalak: 32 vagy 50 oldal\/db A4-es m\u00e9ret eset\u00e9n; 22 vagy 50 oldal\/db A5-\u00f6s m\u00e9ret eset\u00e9n;<br \/>\nCsomagol\u00e1s: 10 db\/zs\u00e1k, 10 zs\u00e1k\/karton;<br \/>\nTisztas\u00e1g: Kompatibilis az ISO 5-7 oszt\u00e1ly\u00fa tisztahelyis\u00e9gekkel \u00e9s afelettivel.<br \/>\nEgy\u00e9b m\u00e9retek \u00e9s csomagol\u00e1sok k\u00fcl\u00f6n k\u00e9r\u00e9sre el\u00e9rhet\u0151k.<\/p>\n<p>Jellemz\u0151k:<\/p>\n<p>Gamma-sug\u00e1rz\u00e1ssal, ETO-val vagy autokl\u00e1voz\u00e1ssal steriliz\u00e1lhat\u00f3, alacsony r\u00e9szecskeszint; A pap\u00edr speci\u00e1lis formul\u00e1ja nagym\u00e9rt\u00e9kben cs\u00f6kkenti a hagyom\u00e1nyos pap\u00edr porszennyez\u0151d\u00e9s\u00e9t; Magas vegyszer\u00e1ll\u00f3s\u00e1ggal, nagy szil\u00e1rds\u00e1ggal \u00e9s magas gy\u0171r\u0151d\u00e9s\u00e1ll\u00f3s\u00e1ggal rendelkezik; D\u00e1tum- \u00e9s al\u00e1\u00edr\u00e1ssorokkal minden oldalon.<\/p>\n","protected":false},"excerpt":{"rendered":"<p>A tisztat\u00e9ri jegyzetf\u00fczetek tiszta, term\u00e9szetes fa p\u00e9pb\u0151l \u00e9s gyant\u00e1b\u00f3l k\u00e9sz\u00fclnek, \u00e9s ISO 5-7 oszt\u00e1ly\u00fa tisztaterekben val\u00f3 haszn\u00e1latra tervezt\u00e9k.<\/p>\n<p>Alkalmaz\u00e1sok:<\/p>\n<p>Mikroelektronikai, f\u00e9lvezet\u0151, optika, gy\u00f3gyszeripar \u00e9s orvostechnikai eszk\u00f6z\u00f6k ipar\u00e1gaiban val\u00f3 felhaszn\u00e1l\u00e1sra stb.<\/p>\n","protected":false},"featured_media":286,"comment_status":"open","ping_status":"closed","template":"","meta":[],"product_brand":[],"product_cat":[24],"product_tag":[],"class_list":{"0":"post-285","1":"product","2":"type-product","3":"status-publish","4":"has-post-thumbnail","6":"product_cat-tisztateri-iroszerek","7":"has-post-title","8":"has-post-date","9":"has-post-category","10":"has-post-tag","11":"has-post-comment","12":"has-post-author","13":"","15":"first","16":"instock","17":"taxable","18":"shipping-taxable","19":"purchasable","20":"product-type-simple"},"_links":{"self":[{"href":"https:\/\/reszecskeszamlalo.hu\/higienia\/wp-json\/wp\/v2\/product\/285","targetHints":{"allow":["GET"]}}],"collection":[{"href":"https:\/\/reszecskeszamlalo.hu\/higienia\/wp-json\/wp\/v2\/product"}],"about":[{"href":"https:\/\/reszecskeszamlalo.hu\/higienia\/wp-json\/wp\/v2\/types\/product"}],"replies":[{"embeddable":true,"href":"https:\/\/reszecskeszamlalo.hu\/higienia\/wp-json\/wp\/v2\/comments?post=285"}],"wp:featuredmedia":[{"embeddable":true,"href":"https:\/\/reszecskeszamlalo.hu\/higienia\/wp-json\/wp\/v2\/media\/286"}],"wp:attachment":[{"href":"https:\/\/reszecskeszamlalo.hu\/higienia\/wp-json\/wp\/v2\/media?parent=285"}],"wp:term":[{"taxonomy":"product_brand","embeddable":true,"href":"https:\/\/reszecskeszamlalo.hu\/higienia\/wp-json\/wp\/v2\/product_brand?post=285"},{"taxonomy":"product_cat","embeddable":true,"href":"https:\/\/reszecskeszamlalo.hu\/higienia\/wp-json\/wp\/v2\/product_cat?post=285"},{"taxonomy":"product_tag","embeddable":true,"href":"https:\/\/reszecskeszamlalo.hu\/higienia\/wp-json\/wp\/v2\/product_tag?post=285"}],"curies":[{"name":"wp","href":"https:\/\/api.w.org\/{rel}","templated":true}]}}