{"id":277,"date":"2025-09-16T14:22:28","date_gmt":"2025-09-16T14:22:28","guid":{"rendered":"https:\/\/reszecskeszamlalo.hu\/higienia\/?post_type=product&#038;p=277"},"modified":"2025-09-22T12:56:00","modified_gmt":"2025-09-22T12:56:00","slug":"t-q21-tisztateri-lapos-felmosok-egyedi-pillangocsipesszel","status":"publish","type":"product","link":"https:\/\/reszecskeszamlalo.hu\/higienia\/termek\/t-q21-tisztateri-lapos-felmosok-egyedi-pillangocsipesszel\/","title":{"rendered":"T-Q21 Tisztat\u00e9ri lapos felmos\u00f3k egyedi \u201epillang\u00f3csipesszel\u201d"},"content":{"rendered":"<p>Specifik\u00e1ci\u00f3k:<\/p>\n<p>Anyag:<br \/>\nMopny\u00e9l: Rozsdamentes ac\u00e9l + m\u0171anyag + alum\u00ednium keret;<br \/>\nMophuzat: 2 r\u00e9teg\u0171 poli\u00e9szter sz\u00f6vethuzat;<br \/>\nNy\u00e9l hossza: 82-130 cm, \u00e1ll\u00edthat\u00f3,<br \/>\nMophuzat m\u00e9retei: 620 \u00d7 210 mm;<br \/>\nCsomagol\u00e1s: 2 k\u00e9szlet\/doboz (2 nyelet \u00e9s 10 db felmos\u00f3fejet tartalmaz);<br \/>\nTisztas\u00e1g: Kompatibilis az ISO 5-7 oszt\u00e1ly\u00fa tisztahelyis\u00e9gekkel \u00e9s afeletti szabv\u00e1nyokkal.<br \/>\nEgy\u00e9b csomagol\u00e1sok k\u00fcl\u00f6n k\u00e9r\u00e9sre el\u00e9rhet\u0151k.<\/p>\n<p>Jellemz\u0151k:<\/p>\n<p>A felmos\u00f3fej puha m\u0171anyag aljjal \u00e9s egyedi \u201epillang\u00f3kapocs\u201d kialak\u00edt\u00e1ssal rendelkezik, amely biztos\u00edtja, hogy a felmos\u00f3 teljes m\u00e9rt\u00e9kben \u00e9rintkezzen a padl\u00f3val, ami jelent\u0151sen jav\u00edtja a tiszt\u00edt\u00e1si teljes\u00edtm\u00e9nyt, \u00e9s megakad\u00e1lyozza a padl\u00f3 \u00e9s a berendez\u00e9sek karcol\u00f3d\u00e1s\u00e1t; a pillang\u00f3szer\u0171 kapcsok szorosan a hely\u00e9n tartj\u00e1k a felmos\u00f3fej t\u00f6rl\u0151kend\u0151j\u00e9t;<br \/>\nAz egyed\u00fcl\u00e1ll\u00f3 univerz\u00e1lis forg\u00f3 szerkezet k\u00f6nny\u0171 man\u0151verezhet\u0151s\u00e9get biztos\u00edt, \u00edgy ide\u00e1lis \u00e9s hat\u00e9kony eszk\u00f6z a mennyezet, falak \u00e9s egy\u00e9b sz\u0171k helyek, berendez\u00e9sek alatti tiszt\u00edt\u00e1s\u00e1hoz.<br \/>\nA terhel\u00e9st visel\u0151 alkatr\u00e9szek nagy szil\u00e1rds\u00e1g\u00fa anyagokb\u00f3l k\u00e9sz\u00fcltek, hogy biztos\u00edts\u00e1k a felmos\u00f3 megb\u00edzhat\u00f3s\u00e1g\u00e1t \u00e9s stabilit\u00e1s\u00e1t, valamint biztons\u00e1gosabb\u00e1, k\u00e9nyelmesebb\u00e9 \u00e9s rugalmasabb\u00e1 tegy\u00e9k a haszn\u00e1lat\u00e1t;<br \/>\nAz \u00f6sszekapcsolhat\u00f3 szerkezet\u0171 foganty\u00fa rugalmasabb\u00e1 \u00e9s stabilabb\u00e1 teszi a hossz\u00e1t, ig\u00e9ny szerint be\u00e1ll\u00edthat\u00f3, \u00e9s k\u00f6nnyen haszn\u00e1lhat\u00f3 a sz\u0171k sarkok tiszt\u00edt\u00e1s\u00e1hoz. A ny\u00e9l kompozit rozsdamentes ac\u00e9lcs\u0151b\u0151l \u00e9s m\u0171szaki m\u0171anyagb\u00f3l k\u00e9sz\u00fclt, \u00edgy nagyon er\u0151s, kiv\u00e1l\u00f3 min\u0151s\u00e9g\u0171 \u00e9s tart\u00f3s; A teleszk\u00f3pos ny\u00e9l speci\u00e1lis kialak\u00edt\u00e1sa helyet takar\u00edt meg.<\/p>\n","protected":false},"excerpt":{"rendered":"<p>A tisztat\u00e9ri lapos felmos\u00f3k egyedi \u201epillang\u00f3csipesszel\u201d \u00e9s eldobhat\u00f3, k\u00e9tr\u00e9teg\u0171 poli\u00e9szter felmos\u00f3huzattal rendelkeznek, \u00e9s ISO 5-7 oszt\u00e1ly\u00fa tisztaterekben val\u00f3 haszn\u00e1latra k\u00e9sz\u00fcltek.<\/p>\n<p>Alkalmaz\u00e1sok:<\/p>\n<p>Mikroelektronikai, f\u00e9lvezet\u0151, optika, gy\u00f3gyszeripar \u00e9s orvostechnikai eszk\u00f6z\u00f6k ipar\u00e1gaiban val\u00f3 felhaszn\u00e1l\u00e1sra stb.<\/p>\n","protected":false},"featured_media":274,"comment_status":"open","ping_status":"closed","template":"","meta":[],"product_brand":[],"product_cat":[23],"product_tag":[],"class_list":{"0":"post-277","1":"product","2":"type-product","3":"status-publish","4":"has-post-thumbnail","6":"product_cat-tisztateri-felmosok","7":"has-post-title","8":"has-post-date","9":"has-post-category","10":"has-post-tag","11":"has-post-comment","12":"has-post-author","13":"","15":"first","16":"instock","17":"taxable","18":"shipping-taxable","19":"purchasable","20":"product-type-simple"},"_links":{"self":[{"href":"https:\/\/reszecskeszamlalo.hu\/higienia\/wp-json\/wp\/v2\/product\/277","targetHints":{"allow":["GET"]}}],"collection":[{"href":"https:\/\/reszecskeszamlalo.hu\/higienia\/wp-json\/wp\/v2\/product"}],"about":[{"href":"https:\/\/reszecskeszamlalo.hu\/higienia\/wp-json\/wp\/v2\/types\/product"}],"replies":[{"embeddable":true,"href":"https:\/\/reszecskeszamlalo.hu\/higienia\/wp-json\/wp\/v2\/comments?post=277"}],"wp:featuredmedia":[{"embeddable":true,"href":"https:\/\/reszecskeszamlalo.hu\/higienia\/wp-json\/wp\/v2\/media\/274"}],"wp:attachment":[{"href":"https:\/\/reszecskeszamlalo.hu\/higienia\/wp-json\/wp\/v2\/media?parent=277"}],"wp:term":[{"taxonomy":"product_brand","embeddable":true,"href":"https:\/\/reszecskeszamlalo.hu\/higienia\/wp-json\/wp\/v2\/product_brand?post=277"},{"taxonomy":"product_cat","embeddable":true,"href":"https:\/\/reszecskeszamlalo.hu\/higienia\/wp-json\/wp\/v2\/product_cat?post=277"},{"taxonomy":"product_tag","embeddable":true,"href":"https:\/\/reszecskeszamlalo.hu\/higienia\/wp-json\/wp\/v2\/product_tag?post=277"}],"curies":[{"name":"wp","href":"https:\/\/api.w.org\/{rel}","templated":true}]}}