{"id":261,"date":"2025-09-16T14:15:22","date_gmt":"2025-09-16T14:15:22","guid":{"rendered":"https:\/\/reszecskeszamlalo.hu\/higienia\/?post_type=product&#038;p=261"},"modified":"2025-09-22T12:56:50","modified_gmt":"2025-09-22T12:56:50","slug":"t-t42-tisztateri-esd-kesztyuk-pu-bevonatu-tenyerrel","status":"publish","type":"product","link":"https:\/\/reszecskeszamlalo.hu\/higienia\/termek\/t-t42-tisztateri-esd-kesztyuk-pu-bevonatu-tenyerrel\/","title":{"rendered":"T-T42 Tisztat\u00e9ri ESD keszty\u0171k PU bevonat\u00fa teny\u00e9rrel"},"content":{"rendered":"<p>Specifik\u00e1ci\u00f3k:<\/p>\n<p>Anyagok: Poli\u00e9szter antisztatikus sz\u00f6vet PU bevonat\u00fa teny\u00e9rrel;<br \/>\nHossz: 9&#8243;; 12&#8243;;<br \/>\nM\u00e9retek: S, M, L;<br \/>\nCsomagol\u00e1s: 10 p\u00e1r\/zs\u00e1k; 50 zs\u00e1k\/karton;<br \/>\nFel\u00fcleti ellen\u00e1ll\u00e1s: 106 -109\u03a9.<br \/>\nEgy\u00e9b csomagol\u00e1sok k\u00fcl\u00f6n k\u00e9r\u00e9sre el\u00e9rhet\u0151k.<\/p>\n<p>Jellemz\u0151k:<\/p>\n<p>A keszty\u0171 h\u00e1tulja ESD poli\u00e9szter sz\u00f6vetb\u0151l, a teny\u00e9rr\u00e9sz pedig PU (poliuret\u00e1n) bevonat\u00fa sz\u00f6vetb\u0151l k\u00e9sz\u00fclt; Ker\u00fclje a kezel\u0151 ujjainak k\u00f6zvetlen \u00e9rintkez\u00e9s\u00e9t a sztatikusan \u00e9rz\u00e9keny alkatr\u00e9szekkel, \u00e9s biztons\u00e1gosan vezesse le a kezel\u0151 szem\u00e9ly\u00e9ben keletkez\u0151 sztatikus t\u00f6lt\u00e9st; A PU bevonat\u00fa teny\u00e9rr\u00e9sz puha \u00e9s k\u00e9nyelmes; Cs\u00fasz\u00e1sg\u00e1tl\u00f3 \u00e9s kop\u00e1s\u00e1ll\u00f3, nem hagy nyomot.<\/p>\n","protected":false},"excerpt":{"rendered":"<p>A PU bevonat\u00fa teny\u00e9rrel ell\u00e1tott, tisztat\u00e9ri ESD keszty\u0171k kiv\u00e1l\u00f3 min\u0151s\u00e9g\u0171 poli\u00e9szter anyagb\u00f3l k\u00e9sz\u00fcltek, PU bevonat\u00fa teny\u00e9rrel.<\/p>\n<p>Alkalmaz\u00e1sok:<\/p>\n<p>Mikroelektronikai, merevlemez-meghajt\u00f3, NY\u00c1K-szerel\u00e9s, f\u00e9lvezet\u0151, optika \u00e9s orvostechnikai eszk\u00f6z\u00f6k stb. ipar\u00e1gaiban val\u00f3 haszn\u00e1latra.<\/p>\n","protected":false},"featured_media":266,"comment_status":"open","ping_status":"closed","template":"","meta":[],"product_brand":[],"product_cat":[22],"product_tag":[],"class_list":{"0":"post-261","1":"product","2":"type-product","3":"status-publish","4":"has-post-thumbnail","6":"product_cat-tisztateri-kesztyu","7":"has-post-title","8":"has-post-date","9":"has-post-category","10":"has-post-tag","11":"has-post-comment","12":"has-post-author","13":"","15":"first","16":"instock","17":"taxable","18":"shipping-taxable","19":"purchasable","20":"product-type-simple"},"_links":{"self":[{"href":"https:\/\/reszecskeszamlalo.hu\/higienia\/wp-json\/wp\/v2\/product\/261","targetHints":{"allow":["GET"]}}],"collection":[{"href":"https:\/\/reszecskeszamlalo.hu\/higienia\/wp-json\/wp\/v2\/product"}],"about":[{"href":"https:\/\/reszecskeszamlalo.hu\/higienia\/wp-json\/wp\/v2\/types\/product"}],"replies":[{"embeddable":true,"href":"https:\/\/reszecskeszamlalo.hu\/higienia\/wp-json\/wp\/v2\/comments?post=261"}],"wp:featuredmedia":[{"embeddable":true,"href":"https:\/\/reszecskeszamlalo.hu\/higienia\/wp-json\/wp\/v2\/media\/266"}],"wp:attachment":[{"href":"https:\/\/reszecskeszamlalo.hu\/higienia\/wp-json\/wp\/v2\/media?parent=261"}],"wp:term":[{"taxonomy":"product_brand","embeddable":true,"href":"https:\/\/reszecskeszamlalo.hu\/higienia\/wp-json\/wp\/v2\/product_brand?post=261"},{"taxonomy":"product_cat","embeddable":true,"href":"https:\/\/reszecskeszamlalo.hu\/higienia\/wp-json\/wp\/v2\/product_cat?post=261"},{"taxonomy":"product_tag","embeddable":true,"href":"https:\/\/reszecskeszamlalo.hu\/higienia\/wp-json\/wp\/v2\/product_tag?post=261"}],"curies":[{"name":"wp","href":"https:\/\/api.w.org\/{rel}","templated":true}]}}