{"id":241,"date":"2025-09-16T13:29:01","date_gmt":"2025-09-16T13:29:01","guid":{"rendered":"https:\/\/reszecskeszamlalo.hu\/higienia\/?post_type=product&#038;p=241"},"modified":"2025-09-22T12:57:31","modified_gmt":"2025-09-22T12:57:31","slug":"t-t21-tisztateri-latex-kesztyuk","status":"publish","type":"product","link":"https:\/\/reszecskeszamlalo.hu\/higienia\/termek\/t-t21-tisztateri-latex-kesztyuk\/","title":{"rendered":"T-T21 Tisztat\u00e9ri latex keszty\u0171k"},"content":{"rendered":"<p>Specifik\u00e1ci\u00f3k:<\/p>\n<p>Anyag: 100% term\u00e9szetes latex;<br \/>\nHossz: 23 cm; 30 cm;<br \/>\nM\u00e9retek: S, M, L;<br \/>\nCsomagol\u00e1s: 50 p\u00e1r\/zs\u00e1k; 10 zs\u00e1k\/karton;<br \/>\nTisztas\u00e1g: Kompatibilis az ISO 4-6 oszt\u00e1ly\u00fa tisztahelyis\u00e9gekkel \u00e9s afelettiekkel.<br \/>\nEgy\u00e9b csomagol\u00e1sok k\u00fcl\u00f6n k\u00e9r\u00e9sre el\u00e9rhet\u0151k.<\/p>\n<p>Jellemz\u0151k:<\/p>\n<p>K\u00e9nyelem \u00e9s kiv\u00e1l\u00f3 k\u00e9z\u00fcgyess\u00e9g a hossz\u00fa t\u00e1v\u00fa viselethez; Kiv\u00e1l\u00f3 ellen\u00e1ll\u00e1s h\u00edg savakkal, l\u00fagokkal, kop\u00e1ssal \u00e9s szakad\u00e1sokkal szemben; Nagy rugalmass\u00e1g \u00e9s sz\u00edv\u00f3ss\u00e1g, tisztat\u00e9ri haszn\u00e1latra alkalmas;<\/p>\n","protected":false},"excerpt":{"rendered":"<p>A tisztat\u00e9ri latex keszty\u0171k 100%-ban term\u00e9szetes latexb\u0151l k\u00e9sz\u00fclnek, \u00e9s ISO 4-6 oszt\u00e1ly\u00fa tisztaterekben haszn\u00e1lhat\u00f3k.<\/p>\n<p>Alkalmaz\u00e1sok:<\/p>\n<p>Mikroelektronikai, f\u00e9lvezet\u0151, optika, gy\u00f3gyszeripar \u00e9s orvostechnikai eszk\u00f6z\u00f6k ipar\u00e1gaiban val\u00f3 felhaszn\u00e1l\u00e1sra stb.<\/p>\n","protected":false},"featured_media":243,"comment_status":"open","ping_status":"closed","template":"","meta":[],"product_brand":[],"product_cat":[22],"product_tag":[],"class_list":{"0":"post-241","1":"product","2":"type-product","3":"status-publish","4":"has-post-thumbnail","6":"product_cat-tisztateri-kesztyu","7":"has-post-title","8":"has-post-date","9":"has-post-category","10":"has-post-tag","11":"has-post-comment","12":"has-post-author","13":"","15":"first","16":"instock","17":"taxable","18":"shipping-taxable","19":"purchasable","20":"product-type-simple"},"_links":{"self":[{"href":"https:\/\/reszecskeszamlalo.hu\/higienia\/wp-json\/wp\/v2\/product\/241","targetHints":{"allow":["GET"]}}],"collection":[{"href":"https:\/\/reszecskeszamlalo.hu\/higienia\/wp-json\/wp\/v2\/product"}],"about":[{"href":"https:\/\/reszecskeszamlalo.hu\/higienia\/wp-json\/wp\/v2\/types\/product"}],"replies":[{"embeddable":true,"href":"https:\/\/reszecskeszamlalo.hu\/higienia\/wp-json\/wp\/v2\/comments?post=241"}],"wp:featuredmedia":[{"embeddable":true,"href":"https:\/\/reszecskeszamlalo.hu\/higienia\/wp-json\/wp\/v2\/media\/243"}],"wp:attachment":[{"href":"https:\/\/reszecskeszamlalo.hu\/higienia\/wp-json\/wp\/v2\/media?parent=241"}],"wp:term":[{"taxonomy":"product_brand","embeddable":true,"href":"https:\/\/reszecskeszamlalo.hu\/higienia\/wp-json\/wp\/v2\/product_brand?post=241"},{"taxonomy":"product_cat","embeddable":true,"href":"https:\/\/reszecskeszamlalo.hu\/higienia\/wp-json\/wp\/v2\/product_cat?post=241"},{"taxonomy":"product_tag","embeddable":true,"href":"https:\/\/reszecskeszamlalo.hu\/higienia\/wp-json\/wp\/v2\/product_tag?post=241"}],"curies":[{"name":"wp","href":"https:\/\/api.w.org\/{rel}","templated":true}]}}