{"id":232,"date":"2025-09-16T12:22:47","date_gmt":"2025-09-16T12:22:47","guid":{"rendered":"https:\/\/reszecskeszamlalo.hu\/higienia\/?post_type=product&#038;p=232"},"modified":"2025-09-22T12:58:00","modified_gmt":"2025-09-22T12:58:00","slug":"t-m13-tisztateri-esd-habszivacs-vattapamacsok","status":"publish","type":"product","link":"https:\/\/reszecskeszamlalo.hu\/higienia\/termek\/t-m13-tisztateri-esd-habszivacs-vattapamacsok\/","title":{"rendered":"T-M13 Tisztat\u00e9ri ESD habszivacs vattapamacsok"},"content":{"rendered":"<p>Specifik\u00e1ci\u00f3k:<\/p>\n<p>Fej anyaga: Kiv\u00e1l\u00f3 min\u0151s\u00e9g\u0171 poliuret\u00e1n hab;<br \/>\nM\u00e9retek: 3&#8221;; 4&#8221;; 5&#8221;; 6&#8221;;<br \/>\nCsomagol\u00e1s: 100 db\/zs\u00e1k; 500 db\/zs\u00e1k;<br \/>\nTisztas\u00e1g: Kompatibilis az ISO 5. oszt\u00e1ly\u00fa \u00e9s afeletti tisztahelyis\u00e9gekkel.<br \/>\nM\u00e1s csomagol\u00e1sok k\u00fcl\u00f6n k\u00e9r\u00e9sre el\u00e9rhet\u0151k.<\/p>\n<p>Jellemz\u0151k:<\/p>\n<p>Rendk\u00edv\u00fcl alacsony r\u00e9szecske-, NVR- \u00e9s iontartalom; Kiv\u00e1l\u00f3 vegyi ellen\u00e1ll\u00e1s; Kiv\u00e1l\u00f3 ESD tulajdons\u00e1gok; Tisztaszob\u00e1ban mosva \u00e9s csomagolva; V\u00e1kuumcsomagol\u00e1s, dupla zacsk\u00f3ban.<\/p>\n<p>&nbsp;<\/p>\n","protected":false},"excerpt":{"rendered":"<p>A tisztat\u00e9ri ESD habszivacs p\u00e1lcik\u00e1k kiv\u00e1l\u00f3 min\u0151s\u00e9g\u0171 poliuret\u00e1n habb\u00f3l \u00e9s ESD polipropil\u00e9n ny\u00e9lb\u0151l k\u00e9sz\u00fclnek.<\/p>\n<p>Alkalmaz\u00e1sok:<\/p>\n<p>Mikroelektronikai, merevlemez-meghajt\u00f3, NY\u00c1K-szerel\u00e9s, f\u00e9lvezet\u0151, optika \u00e9s orvostechnikai eszk\u00f6z\u00f6k stb. ipar\u00e1gaiban val\u00f3 haszn\u00e1latra.<\/p>\n","protected":false},"featured_media":238,"comment_status":"open","ping_status":"closed","template":"","meta":[],"product_brand":[],"product_cat":[21],"product_tag":[],"class_list":{"0":"post-232","1":"product","2":"type-product","3":"status-publish","4":"has-post-thumbnail","6":"product_cat-tisztateri-tamponok","7":"has-post-title","8":"has-post-date","9":"has-post-category","10":"has-post-tag","11":"has-post-comment","12":"has-post-author","13":"","15":"first","16":"instock","17":"taxable","18":"shipping-taxable","19":"purchasable","20":"product-type-simple"},"_links":{"self":[{"href":"https:\/\/reszecskeszamlalo.hu\/higienia\/wp-json\/wp\/v2\/product\/232","targetHints":{"allow":["GET"]}}],"collection":[{"href":"https:\/\/reszecskeszamlalo.hu\/higienia\/wp-json\/wp\/v2\/product"}],"about":[{"href":"https:\/\/reszecskeszamlalo.hu\/higienia\/wp-json\/wp\/v2\/types\/product"}],"replies":[{"embeddable":true,"href":"https:\/\/reszecskeszamlalo.hu\/higienia\/wp-json\/wp\/v2\/comments?post=232"}],"wp:featuredmedia":[{"embeddable":true,"href":"https:\/\/reszecskeszamlalo.hu\/higienia\/wp-json\/wp\/v2\/media\/238"}],"wp:attachment":[{"href":"https:\/\/reszecskeszamlalo.hu\/higienia\/wp-json\/wp\/v2\/media?parent=232"}],"wp:term":[{"taxonomy":"product_brand","embeddable":true,"href":"https:\/\/reszecskeszamlalo.hu\/higienia\/wp-json\/wp\/v2\/product_brand?post=232"},{"taxonomy":"product_cat","embeddable":true,"href":"https:\/\/reszecskeszamlalo.hu\/higienia\/wp-json\/wp\/v2\/product_cat?post=232"},{"taxonomy":"product_tag","embeddable":true,"href":"https:\/\/reszecskeszamlalo.hu\/higienia\/wp-json\/wp\/v2\/product_tag?post=232"}],"curies":[{"name":"wp","href":"https:\/\/api.w.org\/{rel}","templated":true}]}}