{"id":212,"date":"2025-09-16T11:56:06","date_gmt":"2025-09-16T11:56:06","guid":{"rendered":"https:\/\/reszecskeszamlalo.hu\/higienia\/?post_type=product&#038;p=212"},"modified":"2025-09-22T12:58:46","modified_gmt":"2025-09-22T12:58:46","slug":"t-h1-tisztateri-eldobhato-zoknik","status":"publish","type":"product","link":"https:\/\/reszecskeszamlalo.hu\/higienia\/termek\/t-h1-tisztateri-eldobhato-zoknik\/","title":{"rendered":"T-H1 Tisztat\u00e9ri eldobhat\u00f3 zoknik"},"content":{"rendered":"<p>Specifik\u00e1ci\u00f3k:<\/p>\n<p>Anyag: 100% poli\u00e9szter;<br \/>\nAPC (\u22650,5 \u03bcm): \u2264300 r\u00e9szecske\/perc\/zokni;<br \/>\nM\u00e9retek: Egy m\u00e9ret;<br \/>\nHossz: 21 cm; 23 cm; 46 cm;<br \/>\nSz\u00ednek: Feh\u00e9r;<br \/>\nCsomagol\u00e1s: 50 p\u00e1r\/zs\u00e1k, nagy kiszerel\u00e9s, 8 zs\u00e1k\/karton;<br \/>\nEgy\u00e9b m\u00e9retek \u00e9s csomagol\u00e1sok k\u00fcl\u00f6n k\u00e9r\u00e9sre el\u00e9rhet\u0151k.<\/p>\n<p>Jellemz\u0151k:<\/p>\n<p>Tisztat\u00e9rben gy\u00e1rtva, mosva \u00e9s csomagolva; Ultra alacsony r\u00e9szecskek\u00e9pz\u0151d\u00e9s; Csak egyszer haszn\u00e1latos; ISO 4-7 oszt\u00e1ly\u00fa tisztat\u00e9ri kompatibilis; Megfelel az EU GMP 1. mell\u00e9klet\u00e9nek k\u00f6vetelm\u00e9nyeinek; Steril zoknik gamma besug\u00e1rz\u00e1shoz is kaphat\u00f3k.<\/p>\n","protected":false},"excerpt":{"rendered":"<p>A tisztat\u00e9ri eldobhat\u00f3 zoknik 100% poli\u00e9szter sz\u00e1lb\u00f3l k\u00e9sz\u00fclnek, rendk\u00edv\u00fcl alacsony r\u00e9szecske- \u00e9s sz\u00e1lk\u00e9pz\u0151d\u00e9ssel.<\/p>\n<p>Alkalmaz\u00e1sok:<\/p>\n<p>Alkalmas ISO 4-7 oszt\u00e1ly\u00fa tisztat\u00e9ri \u00e9s szab\u00e1lyozott k\u00f6rnyezetben val\u00f3 haszn\u00e1latra; Vegyipari \u00e9s gy\u00f3gyszeripari k\u00f6rnyezetben; Tisztat\u00e9ri m\u0171helyben val\u00f3 haszn\u00e1latra.<\/p>\n","protected":false},"featured_media":199,"comment_status":"open","ping_status":"closed","template":"","meta":[],"product_brand":[],"product_cat":[20],"product_tag":[],"class_list":{"0":"post-212","1":"product","2":"type-product","3":"status-publish","4":"has-post-thumbnail","6":"product_cat-tisztateri-ruhazat","7":"has-post-title","8":"has-post-date","9":"has-post-category","10":"has-post-tag","11":"has-post-comment","12":"has-post-author","13":"","15":"first","16":"instock","17":"taxable","18":"shipping-taxable","19":"purchasable","20":"product-type-simple"},"_links":{"self":[{"href":"https:\/\/reszecskeszamlalo.hu\/higienia\/wp-json\/wp\/v2\/product\/212","targetHints":{"allow":["GET"]}}],"collection":[{"href":"https:\/\/reszecskeszamlalo.hu\/higienia\/wp-json\/wp\/v2\/product"}],"about":[{"href":"https:\/\/reszecskeszamlalo.hu\/higienia\/wp-json\/wp\/v2\/types\/product"}],"replies":[{"embeddable":true,"href":"https:\/\/reszecskeszamlalo.hu\/higienia\/wp-json\/wp\/v2\/comments?post=212"}],"wp:featuredmedia":[{"embeddable":true,"href":"https:\/\/reszecskeszamlalo.hu\/higienia\/wp-json\/wp\/v2\/media\/199"}],"wp:attachment":[{"href":"https:\/\/reszecskeszamlalo.hu\/higienia\/wp-json\/wp\/v2\/media?parent=212"}],"wp:term":[{"taxonomy":"product_brand","embeddable":true,"href":"https:\/\/reszecskeszamlalo.hu\/higienia\/wp-json\/wp\/v2\/product_brand?post=212"},{"taxonomy":"product_cat","embeddable":true,"href":"https:\/\/reszecskeszamlalo.hu\/higienia\/wp-json\/wp\/v2\/product_cat?post=212"},{"taxonomy":"product_tag","embeddable":true,"href":"https:\/\/reszecskeszamlalo.hu\/higienia\/wp-json\/wp\/v2\/product_tag?post=212"}],"curies":[{"name":"wp","href":"https:\/\/api.w.org\/{rel}","templated":true}]}}