{"id":210,"date":"2025-09-16T11:53:52","date_gmt":"2025-09-16T11:53:52","guid":{"rendered":"https:\/\/reszecskeszamlalo.hu\/higienia\/?post_type=product&#038;p=210"},"modified":"2026-02-27T15:31:52","modified_gmt":"2026-02-27T15:31:52","slug":"t-h1-tisztateri-eldobhato-vedohuvelyek","status":"publish","type":"product","link":"https:\/\/reszecskeszamlalo.hu\/higienia\/termek\/t-h1-tisztateri-eldobhato-vedohuvelyek\/","title":{"rendered":"T-H1 Tisztat\u00e9ri eldobhat\u00f3 v\u00e9d\u0151h\u00fcvelyek"},"content":{"rendered":"<p>Specifik\u00e1ci\u00f3k:<\/p>\n<p>Anyag: Tart\u00f3s SMS nemsz\u0151tt polipropil\u00e9n anyag (Spunbond + Meltblown + Spunbond);<br \/>\nAnyag t\u00f6mege: 60 g\/m\u00b2;<br \/>\nAPC (\u22650,5 \u03bcm): \u22641200 r\u00e9szecske\/perc;<br \/>\nM\u00e9retek: Egy m\u00e9ret mindenkinek;<br \/>\nSz\u00ednek: Feh\u00e9r;<br \/>\nCsomagol\u00e1s: 1 db\/zs\u00e1k, 100 db\/karton;<br \/>\nEgy\u00e9b m\u00e9retek \u00e9s csomagol\u00e1sok k\u00fcl\u00f6n k\u00e9r\u00e9sre el\u00e9rhet\u0151k.<\/p>\n<p>Jellemz\u0151k:<\/p>\n<p>Tisztaszob\u00e1ban gy\u00e1rtva, mosva \u00e9s csomagolva; Gamma-sug\u00e1rz\u00e1ssal 10\u207b\u2076 sterilit\u00e1si szintig besug\u00e1rozhat\u00f3; Nem tartalmaz az RoHS ir\u00e1nyelvben meghat\u00e1rozott vesz\u00e9lyes anyagokat, p\u00e9ld\u00e1ul neh\u00e9zf\u00e9meket, fenil\u00e1tokat, PVC-t stb.; Rugalmas mandzsett\u00e1kkal; J\u00f3 folyad\u00e9k\u00e1ll\u00f3s\u00e1g, latex- \u00e9s szilikonmentes; L\u00e9legz\u0151 \u00e9s k\u00e9nyelmes, j\u00f3 biobarrier, magas v\u00e9delmi teljes\u00edtm\u00e9ny; Nagy szil\u00e1rds\u00e1g\u00fa, ragaszt\u00f3mentes, biztons\u00e1gos \u00e9s k\u00f6rnyezetbar\u00e1t.<\/p>\n","protected":false},"excerpt":{"rendered":"<p>A tisztat\u00e9ri eldobhat\u00f3 v\u00e9d\u0151h\u00fcvelyek tart\u00f3s SMS nemsz\u0151tt anyagb\u00f3l k\u00e9sz\u00fclnek, amely kiv\u00e1l\u00f3 folyad\u00e9k- \u00e9s r\u00e9szecskev\u00e9delmet biztos\u00edt.<\/p>\n<p>Alkalmaz\u00e1sok:<\/p>\n<p>Alkalmas ISO 5-8 oszt\u00e1ly\u00fa tisztat\u00e9ri \u00e9s szab\u00e1lyozott k\u00f6rnyezetben val\u00f3 haszn\u00e1latra; Vegyipari \u00e9s gy\u00f3gyszeripari; Pigment- \u00e9s fest\u00e9kgy\u00e1rt\u00e1s; F\u00e9mfeldolgoz\u00f3 ipar; \u00dcvegsz\u00e1l-feldolgoz\u00f3 ipar (fert\u0151tlen\u00edt\u0151\/rovarirt\u00f3 spray); Tisztat\u00e9ri m\u0171hely; Fest\u0151ipar; \u00c9lelmiszer-feldolgoz\u00e1si m\u0171veletek (por, v\u00edz \u00e9s szennyez\u00e9s megel\u0151z\u00e9se); Azbesztpor elleni v\u00e9delem (sz\u00e1raz por hat\u00e9kony megel\u0151z\u00e9se); Helysz\u00edni vizsg\u00e1latok, \u00e1llatorvosi szolg\u00e1latok \u00e9s egy\u00e9b helyeken.<\/p>\n","protected":false},"featured_media":195,"comment_status":"open","ping_status":"closed","template":"","meta":[],"product_brand":[],"product_cat":[20],"product_tag":[],"class_list":{"0":"post-210","1":"product","2":"type-product","3":"status-publish","4":"has-post-thumbnail","6":"product_cat-tisztateri-ruhazat","7":"has-post-title","8":"has-post-date","9":"has-post-category","10":"has-post-tag","11":"has-post-comment","12":"has-post-author","13":"","15":"first","16":"instock","17":"taxable","18":"shipping-taxable","19":"purchasable","20":"product-type-simple"},"_links":{"self":[{"href":"https:\/\/reszecskeszamlalo.hu\/higienia\/wp-json\/wp\/v2\/product\/210","targetHints":{"allow":["GET"]}}],"collection":[{"href":"https:\/\/reszecskeszamlalo.hu\/higienia\/wp-json\/wp\/v2\/product"}],"about":[{"href":"https:\/\/reszecskeszamlalo.hu\/higienia\/wp-json\/wp\/v2\/types\/product"}],"replies":[{"embeddable":true,"href":"https:\/\/reszecskeszamlalo.hu\/higienia\/wp-json\/wp\/v2\/comments?post=210"}],"wp:featuredmedia":[{"embeddable":true,"href":"https:\/\/reszecskeszamlalo.hu\/higienia\/wp-json\/wp\/v2\/media\/195"}],"wp:attachment":[{"href":"https:\/\/reszecskeszamlalo.hu\/higienia\/wp-json\/wp\/v2\/media?parent=210"}],"wp:term":[{"taxonomy":"product_brand","embeddable":true,"href":"https:\/\/reszecskeszamlalo.hu\/higienia\/wp-json\/wp\/v2\/product_brand?post=210"},{"taxonomy":"product_cat","embeddable":true,"href":"https:\/\/reszecskeszamlalo.hu\/higienia\/wp-json\/wp\/v2\/product_cat?post=210"},{"taxonomy":"product_tag","embeddable":true,"href":"https:\/\/reszecskeszamlalo.hu\/higienia\/wp-json\/wp\/v2\/product_tag?post=210"}],"curies":[{"name":"wp","href":"https:\/\/api.w.org\/{rel}","templated":true}]}}