{"id":159,"date":"2025-09-16T11:26:36","date_gmt":"2025-09-16T11:26:36","guid":{"rendered":"https:\/\/reszecskeszamlalo.hu\/higienia\/?post_type=product&#038;p=159"},"modified":"2025-09-22T13:00:39","modified_gmt":"2025-09-22T13:00:39","slug":"t-x11-tisztateri-esd-csizma-spu-talppal","status":"publish","type":"product","link":"https:\/\/reszecskeszamlalo.hu\/higienia\/termek\/t-x11-tisztateri-esd-csizma-spu-talppal\/","title":{"rendered":"T-X11 Tisztat\u00e9ri ESD csizma SPU talppal"},"content":{"rendered":"<p>Specifik\u00e1ci\u00f3k:<\/p>\n<p>Anyag: 96% nagy kop\u00e1s\u00e1ll\u00f3s\u00e1g\u00fa, folyamatos poli\u00e9szter sz\u00e1lfonal \u00e9s 4% sz\u00e9nsz\u00e1las r\u00e1cs;<br \/>\nCip\u0151: SPU talppal \u00e9s PVC b\u0151r fels\u0151r\u00e9sszel;<br \/>\nAz emberi test \u00e1ltal\u00e1nos ellen\u00e1ll\u00e1sa: 1,0*106~1,0*109 \u03a9;<br \/>\nFel\u00fcleti ellen\u00e1ll\u00e1s: 1,0*105~1,0*109 \u03a9.<br \/>\nM\u00e9retek: 35-46;<br \/>\nSz\u00ednek: Feh\u00e9r;<br \/>\nCsomagol\u00e1s: 1 p\u00e1r\/zs\u00e1k, 10 p\u00e1r\/karton;<br \/>\nEgy\u00e9b m\u00e9retek \u00e9s csomagol\u00e1sok k\u00fcl\u00f6n k\u00e9r\u00e9sre el\u00e9rhet\u0151k.<\/p>\n<p>Jellemz\u0151k:<\/p>\n<p>K\u00f6nny\u0171, k\u00e9nyelmes viselet; t\u00e9p\u0151z\u00e1rral a szoross\u00e1g be\u00e1ll\u00edt\u00e1s\u00e1hoz; Ultra alacsony r\u00e9szecskek\u00e9pz\u0151d\u00e9s; Kiv\u00e1l\u00f3 antisztatikus teljes\u00edtm\u00e9ny; hat\u00e9konyan oldja fel az emberi test sztatikus t\u00f6lt\u00e9s\u00e9t; Kiv\u00e1l\u00f3 anyag puha \u00e9s sima fel\u00fclettel; Kompatibilis az ISO 5-\u00f6s oszt\u00e1ly\u00fa tisztahelyis\u00e9gekkel \u00e9s afeletti szabv\u00e1nyokkal.<\/p>\n","protected":false},"excerpt":{"rendered":"<p>A tisztat\u00e9ri ESD v\u00e9d\u0151cip\u0151k SPU talppal antisztatikus anyagokb\u00f3l, a cip\u0151k pedig SPU talppal k\u00e9sz\u00fclnek.<\/p>\n<p>Alkalmaz\u00e1sok:<\/p>\n<p>F\u00e9lvezet\u0151-, mikroelektronikai, optikai, aut\u00f3ipari, ipari gy\u00e1rt\u00e1si, laborat\u00f3riumi \u00e9s egyetemi ipar\u00e1gakban stb. t\u00f6rt\u00e9n\u0151 felhaszn\u00e1l\u00e1sra.<\/p>\n","protected":false},"featured_media":160,"comment_status":"open","ping_status":"closed","template":"","meta":[],"product_brand":[],"product_cat":[20],"product_tag":[],"class_list":{"0":"post-159","1":"product","2":"type-product","3":"status-publish","4":"has-post-thumbnail","6":"product_cat-tisztateri-ruhazat","7":"has-post-title","8":"has-post-date","9":"has-post-category","10":"has-post-tag","11":"has-post-comment","12":"has-post-author","13":"","15":"first","16":"instock","17":"taxable","18":"shipping-taxable","19":"purchasable","20":"product-type-simple"},"_links":{"self":[{"href":"https:\/\/reszecskeszamlalo.hu\/higienia\/wp-json\/wp\/v2\/product\/159","targetHints":{"allow":["GET"]}}],"collection":[{"href":"https:\/\/reszecskeszamlalo.hu\/higienia\/wp-json\/wp\/v2\/product"}],"about":[{"href":"https:\/\/reszecskeszamlalo.hu\/higienia\/wp-json\/wp\/v2\/types\/product"}],"replies":[{"embeddable":true,"href":"https:\/\/reszecskeszamlalo.hu\/higienia\/wp-json\/wp\/v2\/comments?post=159"}],"wp:featuredmedia":[{"embeddable":true,"href":"https:\/\/reszecskeszamlalo.hu\/higienia\/wp-json\/wp\/v2\/media\/160"}],"wp:attachment":[{"href":"https:\/\/reszecskeszamlalo.hu\/higienia\/wp-json\/wp\/v2\/media?parent=159"}],"wp:term":[{"taxonomy":"product_brand","embeddable":true,"href":"https:\/\/reszecskeszamlalo.hu\/higienia\/wp-json\/wp\/v2\/product_brand?post=159"},{"taxonomy":"product_cat","embeddable":true,"href":"https:\/\/reszecskeszamlalo.hu\/higienia\/wp-json\/wp\/v2\/product_cat?post=159"},{"taxonomy":"product_tag","embeddable":true,"href":"https:\/\/reszecskeszamlalo.hu\/higienia\/wp-json\/wp\/v2\/product_tag?post=159"}],"curies":[{"name":"wp","href":"https:\/\/api.w.org\/{rel}","templated":true}]}}