{"id":128,"date":"2025-09-16T09:23:39","date_gmt":"2025-09-16T09:23:39","guid":{"rendered":"https:\/\/reszecskeszamlalo.hu\/higienia\/?post_type=product&#038;p=128"},"modified":"2026-02-27T15:27:25","modified_gmt":"2026-02-27T15:27:25","slug":"t-f13-tisztateri-esd-kabatok","status":"publish","type":"product","link":"https:\/\/reszecskeszamlalo.hu\/higienia\/termek\/t-f13-tisztateri-esd-kabatok\/","title":{"rendered":"T-F13 Tisztat\u00e9ri ESD kab\u00e1tok"},"content":{"rendered":"<p>Specifik\u00e1ci\u00f3k:<\/p>\n<p>Anyag: 96% nagy kop\u00e1s\u00e1ll\u00f3s\u00e1g\u00fa, folyamatos poli\u00e9szter sz\u00e1lfonal \u00e9s 4% sz\u00e9nsz\u00e1las r\u00e1cs;<br \/>\nS\u00farl\u00f3d\u00e1si fesz\u00fclts\u00e9g: &lt;200V;<br \/>\nFel\u00fcleti ellen\u00e1ll\u00e1s: 1,0*105~1,0*109 \u03a9.<br \/>\nM\u00e9retek: S, M, L, XL, 2XL, 3XL, 4XL;<br \/>\nSz\u00ednek: Feh\u00e9r; R\u00f3zsasz\u00edn; K\u00e9k;<br \/>\nCsomagol\u00e1s: 1 db\/zs\u00e1k, 50 db\/karton;<br \/>\nEgy\u00e9b m\u00e9retek \u00e9s csomagol\u00e1sok k\u00fcl\u00f6n k\u00e9r\u00e9sre el\u00e9rhet\u0151k.<\/p>\n<p>Jellemz\u0151k:<\/p>\n<p>Rugalmas der\u00e9k \u00e9s mandzsett\u00e1k; Ultra alacsony r\u00e9szecskek\u00e9pz\u0151d\u00e9s; Kiv\u00e1l\u00f3 antisztatikus teljes\u00edtm\u00e9ny; Kiv\u00e1l\u00f3 anyag puha \u00e9s sima fel\u00fclettel; Kompatibilis az ISO 7-es \u00e9s magasabb oszt\u00e1ly\u00fa tisztahelyis\u00e9gekkel.<\/p>\n","protected":false},"excerpt":{"rendered":"<p>A tisztat\u00e9ri ESD dzsekik antisztatikus anyagokb\u00f3l k\u00e9sz\u00fclnek, amelyek v\u00e9delmet ny\u00fajtanak a r\u00e9szecskeszennyez\u0151d\u00e9s \u00e9s a statikus felt\u00f6lt\u0151d\u00e9s ellen.<\/p>\n<p>Alkalmaz\u00e1sok:<\/p>\n<p>F\u00e9lvezet\u0151-, mikroelektronikai, optikai, aut\u00f3ipari, ipari gy\u00e1rt\u00e1si, laborat\u00f3riumi \u00e9s egyetemi ipar\u00e1gakban stb. t\u00f6rt\u00e9n\u0151 felhaszn\u00e1l\u00e1sra.<\/p>\n","protected":false},"featured_media":129,"comment_status":"open","ping_status":"closed","template":"","meta":[],"product_brand":[],"product_cat":[20],"product_tag":[],"class_list":{"0":"post-128","1":"product","2":"type-product","3":"status-publish","4":"has-post-thumbnail","6":"product_cat-tisztateri-ruhazat","7":"has-post-title","8":"has-post-date","9":"has-post-category","10":"has-post-tag","11":"has-post-comment","12":"has-post-author","13":"","15":"first","16":"instock","17":"taxable","18":"shipping-taxable","19":"purchasable","20":"product-type-simple"},"_links":{"self":[{"href":"https:\/\/reszecskeszamlalo.hu\/higienia\/wp-json\/wp\/v2\/product\/128","targetHints":{"allow":["GET"]}}],"collection":[{"href":"https:\/\/reszecskeszamlalo.hu\/higienia\/wp-json\/wp\/v2\/product"}],"about":[{"href":"https:\/\/reszecskeszamlalo.hu\/higienia\/wp-json\/wp\/v2\/types\/product"}],"replies":[{"embeddable":true,"href":"https:\/\/reszecskeszamlalo.hu\/higienia\/wp-json\/wp\/v2\/comments?post=128"}],"wp:featuredmedia":[{"embeddable":true,"href":"https:\/\/reszecskeszamlalo.hu\/higienia\/wp-json\/wp\/v2\/media\/129"}],"wp:attachment":[{"href":"https:\/\/reszecskeszamlalo.hu\/higienia\/wp-json\/wp\/v2\/media?parent=128"}],"wp:term":[{"taxonomy":"product_brand","embeddable":true,"href":"https:\/\/reszecskeszamlalo.hu\/higienia\/wp-json\/wp\/v2\/product_brand?post=128"},{"taxonomy":"product_cat","embeddable":true,"href":"https:\/\/reszecskeszamlalo.hu\/higienia\/wp-json\/wp\/v2\/product_cat?post=128"},{"taxonomy":"product_tag","embeddable":true,"href":"https:\/\/reszecskeszamlalo.hu\/higienia\/wp-json\/wp\/v2\/product_tag?post=128"}],"curies":[{"name":"wp","href":"https:\/\/api.w.org\/{rel}","templated":true}]}}