{"id":353,"date":"2025-09-18T08:54:56","date_gmt":"2025-09-18T08:54:56","guid":{"rendered":"https:\/\/reszecskeszamlalo.hu\/higienia\/?page_id=353"},"modified":"2025-09-18T15:32:23","modified_gmt":"2025-09-18T15:32:23","slug":"kapcsolat","status":"publish","type":"page","link":"https:\/\/reszecskeszamlalo.hu\/higienia\/kapcsolat\/","title":{"rendered":"Kapcsolat"},"content":{"rendered":"<!--themify_builder_content-->\n<div id=\"themify_builder_content-353\" data-postid=\"353\" class=\"themify_builder_content themify_builder_content-353 themify_builder tf_clear\">\n                    <div  data-lazy=\"1\" class=\"module_row themify_builder_row tb_1arx538 tb_first tf_w\">\n                        <div class=\"row_inner col_align_top tb_col_count_2 tf_box tf_rel\">\n                        <div  data-lazy=\"1\" class=\"module_column tb-column col4-2 tb_ubcj538 first\">\n                    <!-- module text -->\n<div  class=\"module module-text tb_stfd538   \" data-lazy=\"1\">\n        <div  class=\"tb_text_wrap\">\n        <h2>Vegye fel vel\u00fcnk a kapcsolatot!<\/h2>    <\/div>\n<\/div>\n<!-- \/module text --><!-- module text -->\n<div  class=\"module module-text tb_ac0b538   \" data-lazy=\"1\">\n        <div  class=\"tb_text_wrap\">\n        <p>K\u00e9rd\u00e9se van? Inform\u00e1ci\u00f3ra van sz\u00fcks\u00e9ge term\u00e9keinkkel, v\u00e1llalkoz\u00e1sunkkal kapcsolatban? Vegye fel vel\u00fcnk a kapcsolatot! K\u00e9szs\u00e9ggel \u00e1llunk a rendelkez\u00e9s\u00e9re!<\/p>    <\/div>\n<\/div>\n<!-- \/module text -->        <div  data-lazy=\"1\" class=\"module_subrow themify_builder_sub_row tf_w col_align_top gutter-none tb_col_count_2 tb_91ii538\">\n                <div  data-lazy=\"1\" class=\"module_column sub_column tb_l8zs538 first\">\n                    <!-- module text -->\n<div  class=\"module module-text tb_8fdn538   \" data-lazy=\"1\">\n        <div  class=\"tb_text_wrap\">\n        <h4>Info<\/h4>    <\/div>\n<\/div>\n<!-- \/module text --><!-- module divider -->\n<div  class=\"module tf_mw module-divider tb_er0v538 solid  divider-custom divider-left\" style=\"border-width: 1px;border-color: #d1d1d1;margin-top: 5px;margin-bottom: 13px;max-width: 50px;\" data-lazy=\"1\">\n    <\/div>\n<!-- \/module divider -->\n<!-- module plain text -->\n<div  class=\"module module-plain-text tb_0lm0538 \" data-lazy=\"1\">\n        <div class=\"tb_text_wrap\">\n    <a onclick=\"return gtag_report_conversion('tel:+36 20 777 1050');\" href=\"tel:800-123-4567\">+36 20 777 1050<\/a>    <\/div>\n<\/div>\n<!-- \/module plain text --><!-- module plain text -->\n<div  class=\"module module-plain-text tb_1ztn538 \" data-lazy=\"1\">\n        <div class=\"tb_text_wrap\">\n    <a onclick=\"return gtag_report_conversion('tel:800-123-4567');\" href=\"tel:+36 20 662 8319\"> +36 20 662 8319<\/a>    <\/div>\n<\/div>\n<!-- \/module plain text --><!-- module icon -->\n<div  class=\"module module-icon tb_dzh3538    icon_vertical \" data-lazy=\"1\">\n\t\t\t<div class=\"module-icon-item\">\n\t\t\t\t\t\t\t\t\t\t\t\t\t\t\t\t<em class=\"tf_box\"\n\t\t\t\t\t\t\t\t\t\t\t\t\t\t\t\t\t><svg  class=\"tf_fa tf-far-envelope\" aria-hidden=\"true\"><use href=\"#tf-far-envelope\"><\/use><\/svg><\/em>\n\t\t\t\t\t\t\t\t\t\t\t\t\t\t\t\t\t\t\t<span>info@trd.hu<\/span>\n\t\t\t\t\t\t\t\t\t\t\t\t\t\t\t<\/div>\n\t<\/div>\n<!-- \/module icon -->\n        <\/div>\n                    <div  data-lazy=\"1\" class=\"module_column sub_column tb_8iju538 last\">\n                    <!-- module text -->\n<div  class=\"module module-text tb_25lt538   \" data-lazy=\"1\">\n        <div  class=\"tb_text_wrap\">\n        <h4>C\u00edm<\/h4>    <\/div>\n<\/div>\n<!-- \/module text --><!-- module divider -->\n<div  class=\"module tf_mw module-divider tb_6rnl538 solid  divider-custom divider-left\" style=\"border-width: 1px;border-color: #d1d1d1;margin-top: 5px;margin-bottom: 13px;max-width: 50px;\" data-lazy=\"1\">\n    <\/div>\n<!-- \/module divider -->\n<!-- module icon -->\n<div  class=\"module module-icon tb_hacb538    icon_vertical \" data-lazy=\"1\">\n\t\t\t<div class=\"module-icon-item\">\n\t\t\t\t\t\t\t\t\t\t\t\t\t\t\t\t<em class=\"tf_box\"\n\t\t\t\t\t\t\t\t\t\t\t\t\t\t\t\t\t><svg  class=\"tf_fa tf-fas-map-marked-alt\" aria-hidden=\"true\"><use href=\"#tf-fas-map-marked-alt\"><\/use><\/svg><\/em>\n\t\t\t\t\t\t\t\t\t\t\t\t\t\t\t\t\t\t\t<span>2092 Budakeszi, F\u0151 \u00fat 181.<\/span>\n\t\t\t\t\t\t\t\t\t\t\t\t\t\t\t<\/div>\n\t<\/div>\n<!-- \/module icon -->\n        <\/div>\n                    <\/div>\n        <!-- module plain text -->\n<div  class=\"module module-plain-text tb_oepy538 \" data-lazy=\"1\">\n        <div class=\"tb_text_wrap\">\n    <iframe src=\"https:\/\/www.google.com\/maps\/embed?pb=!1m18!1m12!1m3!1d2694.9677131240924!2d18.925561275018282!3d47.510019994643706!2m3!1f0!2f0!3f0!3m2!1i1024!2i768!4f13.1!3m3!1m2!1s0x4741df6fce49e047%3A0xce01b2248dd8aab0!2sBudakeszi%2C%20F%C5%91%20u.%20181%2C%202092!5e0!3m2!1shu!2shu!4v1714298345627!5m2!1shu!2shu\" width=\"100%\" height=\"450\" style=\"border:0;\" allowfullscreen=\"\" loading=\"lazy\" referrerpolicy=\"no-referrer-when-downgrade\"><\/iframe>    <\/div>\n<\/div>\n<!-- \/module plain text -->        <\/div>\n                    <div  data-lazy=\"1\" class=\"module_column tb-column col4-2 tb_2scb538 last\">\n                    <!-- module text -->\n<div  class=\"module module-text tb_lozi538   \" data-lazy=\"1\">\n        <div  class=\"tb_text_wrap\">\n        <h4>Email k\u00fcld\u00e9s<\/h4>    <\/div>\n<\/div>\n<!-- \/module text --><!-- module contact -->\n<div  id=\"tb_5c0j538\" class=\"module module-contact tb_5c0j538 contact-style2 \" data-lazy=\"1\">\n    \n\t<form class=\"builder-contact\"\n\t\tid=\"tb_5c0j538-form\"\n\t\tmethod=\"post\"\n\t\tdata-post-id=\"353\"\n\t\tdata-element-id=\"5c0j538\"\n\t\tdata-orig-id=\"353\"\n\t>\n    <div class=\"contact-message\"><\/div>\n\t<div class=\"builder-contact-fields tf_rel\">\n\t\t    \t\t    <div class=\"builder-contact-field builder-contact-field-name builder-contact-text-field\">\n\t\t\t    <label class=\"control-label\" for=\"tb_5c0j538-contact-name\">\n\t\t\t\t\t\t\t\t\t\t<span class=\"tb-label-span\">Teljes n\u00e9v <\/span><span class=\"required\">*<\/span>\t\t\t\t<\/label>\n\t\t\t    <div class=\"control-input tf_rel\">\n\t\t\t\t    \t\t\t\t\t    <input type=\"text\" name=\"contact-name\" placeholder=\"\" id=\"tb_5c0j538-contact-name\" value=\"\" class=\"form-control\" required>\n\t\t\t\t    \t\t\t\t    \t\t\t    <\/div>\n\t\t<\/div>\n\t    \n\t\t    \t\t    <div class=\"builder-contact-field builder-contact-field-email builder-contact-text-field\">\n\t\t\t    <label class=\"control-label\" for=\"tb_5c0j538-contact-email\">\n\t\t\t\t\t\t\t\t\t\t<span class=\"tb-label-span\">Email c\u00edm <\/span><span class=\"required\">*<\/span>\t\t\t\t<\/label>\n\t\t\t    <div class=\"control-input tf_rel\">\n\t\t\t\t    \t\t\t\t\t    <input type=\"email\" name=\"contact-email\" placeholder=\"\" id=\"tb_5c0j538-contact-email\" value=\"\" class=\"form-control\" required>\n\t\t\t\t    \t\t\t\t    \t\t\t    <\/div>\n\t\t<\/div>\n\t    \n\t\t    \t\t    <div class=\"builder-contact-field builder-contact-field-subject builder-contact-text-field\">\n\t\t\t    <label class=\"control-label\" for=\"tb_5c0j538-contact-subject\">\n\t\t\t\t\t\t\t\t\t\t<span class=\"tb-label-span\">T\u00e1rgy <\/span><span class=\"required\">*<\/span>\t\t\t\t<\/label>\n\t\t\t    <div class=\"control-input tf_rel\">\n\t\t\t\t    \t\t\t\t\t    <input type=\"text\" name=\"contact-subject\" placeholder=\"\" id=\"tb_5c0j538-contact-subject\" value=\"\" class=\"form-control\" required>\n\t\t\t\t    \t\t\t\t    \t\t\t    <\/div>\n\t\t<\/div>\n\t    \n\t\t    \t\t    <div class=\"builder-contact-field builder-contact-field-message builder-contact-textarea-field\">\n\t\t\t    <label class=\"control-label\" for=\"tb_5c0j538-contact-message\">\n\t\t\t\t\t\t\t\t\t\t<span class=\"tb-label-span\">\u00dczenet sz\u00f6vege <\/span>\t\t\t\t<\/label>\n\t\t\t    <div class=\"control-input tf_rel\">\n\t\t\t\t    \t\t\t\t\t    <textarea name=\"contact-message\" placeholder=\"\" id=\"tb_5c0j538-contact-message\" class=\"form-control\"><\/textarea>\n\t\t\t\t    \t\t\t\t    \t\t\t    <\/div>\n\t\t<\/div>\n\t    \n\t\t    \t\t\n\t\t\t\t\t<div class=\"builder-contact-field builder-contact-field-gdpr\">\n\t\t\t\t<div class=\"control-label\">\n\t\t\t\t\t<div class=\"control-input tf_rel\">\n\t\t\t\t\t\t<label class=\"field-gdpr\">\n\t\t\t\t\t\t\t<input type=\"checkbox\" name=\"gdpr\" value=\"1\" required>\n\t\t\t\t\t\t\t<span><\/span>\n\t\t\t\t\t\t\t<span class=\"required\">*<\/span>\n\t\t\t\t\t\t<\/label>\n\t\t\t\t\t<\/div>\n\t\t\t\t<\/div>\n\t\t\t<\/div>\n\t\t\n\t    \n\t    <div class=\"builder-contact-field builder-contact-field-send control-input tf_textl tf_clear tf_rel\">\n\t\t\t<button type=\"submit\" class=\"btn btn-primary\">\n\t\t\t\t<span class=\"tf_loader\"><\/span>\t\t\t\t<span class=\"tf_submit_icon\"><\/span> \n\t\t\t\tK\u00fcld\u00e9s\t\t\t<\/button>\n\t    <\/div>\n\t<\/div>\n    <\/form>\n    <\/div>\n<!-- \/module contact -->\n        <\/div>\n                        <\/div>\n        <\/div>\n        <\/div>\n<!--\/themify_builder_content-->","protected":false},"excerpt":{"rendered":"<p>Vegye fel vel\u00fcnk a kapcsolatot!<\/p>\n","protected":false},"author":1,"featured_media":0,"parent":0,"menu_order":0,"comment_status":"closed","ping_status":"closed","template":"","meta":{"footnotes":""},"class_list":["post-353","page","type-page","status-publish","hentry","has-post-title","has-post-date","has-post-category","has-post-tag","has-post-comment","has-post-author",""],"_links":{"self":[{"href":"https:\/\/reszecskeszamlalo.hu\/higienia\/wp-json\/wp\/v2\/pages\/353","targetHints":{"allow":["GET"]}}],"collection":[{"href":"https:\/\/reszecskeszamlalo.hu\/higienia\/wp-json\/wp\/v2\/pages"}],"about":[{"href":"https:\/\/reszecskeszamlalo.hu\/higienia\/wp-json\/wp\/v2\/types\/page"}],"author":[{"embeddable":true,"href":"https:\/\/reszecskeszamlalo.hu\/higienia\/wp-json\/wp\/v2\/users\/1"}],"replies":[{"embeddable":true,"href":"https:\/\/reszecskeszamlalo.hu\/higienia\/wp-json\/wp\/v2\/comments?post=353"}],"version-history":[{"count":13,"href":"https:\/\/reszecskeszamlalo.hu\/higienia\/wp-json\/wp\/v2\/pages\/353\/revisions"}],"predecessor-version":[{"id":391,"href":"https:\/\/reszecskeszamlalo.hu\/higienia\/wp-json\/wp\/v2\/pages\/353\/revisions\/391"}],"wp:attachment":[{"href":"https:\/\/reszecskeszamlalo.hu\/higienia\/wp-json\/wp\/v2\/media?parent=353"}],"curies":[{"name":"wp","href":"https:\/\/api.w.org\/{rel}","templated":true}]}}